{"id":33,"date":"2018-10-08T21:04:42","date_gmt":"2018-10-08T21:04:42","guid":{"rendered":"http:\/\/tru-germany.de\/?page_id=33"},"modified":"2019-06-19T09:50:40","modified_gmt":"2019-06-19T09:50:40","slug":"motorsportsicherheit","status":"publish","type":"page","link":"https:\/\/tru-germany.de\/?page_id=33","title":{"rendered":"Motorsportsicherheit"},"content":{"rendered":"<h3>Sicherheit im Motorsport war das Leitbild unseres Gr\u00fcnders und Vorreiters Roland Janz<\/h3>\n<p>Vor allem aber auch ein besonderes Augenmerk auf die Sicherheit f\u00fcr Fahrer und Zuschauer zu legen. Unser Intervention-Team ist speziell auf die Bed\u00fcrfnisse von Motorsportveranstaltungen ausgebildet und kann viele verschiedene Aufgaben im Bereich der Streckensicherung wahrnehmen. Wenn sie Interesse am Einsatz von Streckensicherungsfahrzeugen bzw. Intervention-Fahrzeugen haben, sind sie bei uns genau richtig!<\/p>\n<h4><strong><span style=\"color: #ff6600;\">Unsere Leistungen und Angebote<\/span><\/strong><\/h4>\n<p>Im Rahmen unserer T\u00e4tigkeit in der Motorsport Intervention sind wir in der Lage, verschiedene Dienstleistungen f\u00fcr sie als Veranstalter anzubieten. Unsere Einsatzkr\u00e4fte sind hoch motiviert, fundiert ausgebildet und bringen viel Erfahrung aus dem Sicherheitsbereich sowie dem Motorsport mit. Mit einer hochmodernen Ausr\u00fcstung wird unser Team dabei vervollst\u00e4ndigt und kann sie entsprechend schulen.<\/p>\n<h4><strong><span style=\"color: #ff6600;\">Einsatz von Streckensicherungsfahrzeugen\/Intervention-Cars<\/span><\/strong><\/h4>\n<p>Eine unserer Hauptaufgaben ist der Einsatz von sogenannten S-Wagen\/MIC, welche im Rahmen der Streckensicherung eingesetzt werden. Das Fahrzeug ist dabei mindestens mit einem technischen Retter als auch einem medizinischen Retter besetzt und erg\u00e4nzt somit ideal die schon vorhandene Streckensicherungsvorhaltung. Bei Bedarf kann das Fahrzeug auch durch einen Arzt erg\u00e4nzt werden.<\/p>\n<p><img loading=\"lazy\" class=\"size-full wp-image-89 aligncenter\" src=\"https:\/\/tru-germany.de\/wp-content\/uploads\/2018\/12\/mic.jpg\" alt=\"\" width=\"798\" height=\"433\" srcset=\"https:\/\/tru-germany.de\/wp-content\/uploads\/2018\/12\/mic.jpg 798w, https:\/\/tru-germany.de\/wp-content\/uploads\/2018\/12\/mic-300x163.jpg 300w, https:\/\/tru-germany.de\/wp-content\/uploads\/2018\/12\/mic-768x417.jpg 768w\" sizes=\"(max-width: 798px) 100vw, 798px\" \/><\/p>\n<h4><strong><span style=\"color: #ff6600;\">Schulung Ihrer Helfer und Streckensicherungseinheiten<\/span><\/strong><\/h4>\n<p>Streckensicherungsposten und Helfer sind oft mit einem Feuerl\u00f6scher ausgestattet, haben diesen aber noch nie verwendet. Wir schulen sie und ihre Mannschaft im Umgang mit Feuerl\u00f6schern, Gefahrensituationen oder auch der Ersten Hilfe. Somit k\u00f6nnen sie als Veranstalter schon ein gro\u00dfes St\u00fcck an Sicherheit garantieren. Weitere Informationen zu unseren Schulungen erhalten sie direkt bei uns. Gerne auch individuell!<\/p>\n<p><img loading=\"lazy\" class=\"size-full wp-image-90 aligncenter\" src=\"https:\/\/tru-germany.de\/wp-content\/uploads\/2018\/12\/streckenposten.jpg\" alt=\"\" width=\"799\" height=\"440\" srcset=\"https:\/\/tru-germany.de\/wp-content\/uploads\/2018\/12\/streckenposten.jpg 799w, https:\/\/tru-germany.de\/wp-content\/uploads\/2018\/12\/streckenposten-300x165.jpg 300w, https:\/\/tru-germany.de\/wp-content\/uploads\/2018\/12\/streckenposten-768x423.jpg 768w\" sizes=\"(max-width: 799px) 100vw, 799px\" \/><\/p>\n<h4><strong><span style=\"color: #ff6600;\">Weitere Anliegen? Gerne!<\/span><\/strong><\/h4>\n<p>Sie haben weitere Anliegen rund um die Sicherheit Ihrer Veranstaltung an uns? Gerne sind wir bereit sie auch weitergehend in der Planung und Sicherung Ihrer Veranstaltung zu helfen. Hierbei gehen wir individuell auf Ihre W\u00fcnsche ein und k\u00fcmmern uns anschlie\u00dfend um die komplette Abwicklung und Umsetzung der Ma\u00dfnahmen!<\/p>\n<p><img loading=\"lazy\" class=\"size-full wp-image-91 aligncenter\" src=\"https:\/\/tru-germany.de\/wp-content\/uploads\/2018\/12\/weitere-anliegen.jpg\" alt=\"\" width=\"799\" height=\"456\" srcset=\"https:\/\/tru-germany.de\/wp-content\/uploads\/2018\/12\/weitere-anliegen.jpg 799w, https:\/\/tru-germany.de\/wp-content\/uploads\/2018\/12\/weitere-anliegen-300x171.jpg 300w, https:\/\/tru-germany.de\/wp-content\/uploads\/2018\/12\/weitere-anliegen-768x438.jpg 768w\" sizes=\"(max-width: 799px) 100vw, 799px\" \/><\/p>\n<p><span style=\"color: #ff6600;\"><strong>Sie haben Interesse an uns und unserer Organisation? Dann kontaktieren Sie uns!<\/strong><\/span><\/p>\n<p>Technical Rescue Unit Germany e.V.<br \/>\nJahnstra\u00dfe 7<br \/>\n63505 Langenselbold<\/p>\n<p>info@tru-germany.de<\/p>\n","protected":false},"excerpt":{"rendered":"<div class=\"slide-text-bg2\"><span>Sicherheit im Motorsport war das Leitbild unseres Gr\u00fcnders und Vorreiters Roland Janz Vor allem aber auch ein besonderes Augenmerk auf die Sicherheit f\u00fcr<\/span><\/div>\n<div class=\"slide-btn-area-sm\"><a href=\"https:\/\/tru-germany.de\/?page_id=33\" class=\"slide-btn-sm\">weiterlesen<\/a><\/div>\n","protected":false},"author":3,"featured_media":0,"parent":0,"menu_order":0,"comment_status":"closed","ping_status":"closed","template":"","meta":[],"_links":{"self":[{"href":"https:\/\/tru-germany.de\/index.php?rest_route=\/wp\/v2\/pages\/33"}],"collection":[{"href":"https:\/\/tru-germany.de\/index.php?rest_route=\/wp\/v2\/pages"}],"about":[{"href":"https:\/\/tru-germany.de\/index.php?rest_route=\/wp\/v2\/types\/page"}],"author":[{"embeddable":true,"href":"https:\/\/tru-germany.de\/index.php?rest_route=\/wp\/v2\/users\/3"}],"replies":[{"embeddable":true,"href":"https:\/\/tru-germany.de\/index.php?rest_route=%2Fwp%2Fv2%2Fcomments&post=33"}],"version-history":[{"count":6,"href":"https:\/\/tru-germany.de\/index.php?rest_route=\/wp\/v2\/pages\/33\/revisions"}],"predecessor-version":[{"id":219,"href":"https:\/\/tru-germany.de\/index.php?rest_route=\/wp\/v2\/pages\/33\/revisions\/219"}],"wp:attachment":[{"href":"https:\/\/tru-germany.de\/index.php?rest_route=%2Fwp%2Fv2%2Fmedia&parent=33"}],"curies":[{"name":"wp","href":"https:\/\/api.w.org\/{rel}","templated":true}]}}